{"id":510,"date":"2025-03-25T22:12:30","date_gmt":"2025-03-25T22:12:30","guid":{"rendered":"https:\/\/officieliptvabonnement.fr\/?page_id=510"},"modified":"2026-02-14T15:47:01","modified_gmt":"2026-02-14T15:47:01","slug":"politica-de-privacidad","status":"publish","type":"page","link":"https:\/\/iptvsubscriptionpro.es\/iptv-smarters\/politica-de-privacidad\/","title":{"rendered":"Pol\u00edtica de Privacidad"},"content":{"rendered":"\t\t<div data-elementor-type=\"wp-page\" data-elementor-id=\"510\" class=\"elementor elementor-510\">\n\t\t\t\t<div class=\"has_eae_slider elementor-element elementor-element-fb85fee e-flex e-con-boxed e-con e-parent\" data-eae-slider=\"23218\" data-id=\"fb85fee\" data-element_type=\"container\" data-e-type=\"container\">\n\t\t\t\t\t<div class=\"e-con-inner\">\n\t\t\t\t<div class=\"elementor-element elementor-element-29706d4 elementor-widget__width-initial elementor-widget elementor-widget-heading\" data-id=\"29706d4\" data-element_type=\"widget\" data-e-type=\"widget\" data-widget_type=\"heading.default\">\n\t\t\t\t<div class=\"elementor-widget-container\">\n\t\t\t\t\t<h1 class=\"elementor-heading-title elementor-size-default\">Pol\u00edtica de Privacidad<\/h1>\t\t\t\t<\/div>\n\t\t\t\t<\/div>\n\t\t\t\t\t<\/div>\n\t\t\t\t<\/div>\n\t\t<div class=\"has_eae_slider elementor-element elementor-element-3ea5cde6 e-flex e-con-boxed e-con e-parent\" data-eae-slider=\"82453\" data-id=\"3ea5cde6\" data-element_type=\"container\" data-e-type=\"container\">\n\t\t\t\t\t<div class=\"e-con-inner\">\n\t\t\t\t<div class=\"elementor-element elementor-element-2e73b987 elementor-widget elementor-widget-text-editor\" data-id=\"2e73b987\" data-element_type=\"widget\" data-e-type=\"widget\" data-widget_type=\"text-editor.default\">\n\t\t\t\t<div class=\"elementor-widget-container\">\n\t\t\t\t\t\t\t\t\t<p><span style=\"font-style: inherit; font-weight: inherit;\">En\u00a0<\/span><a href=\"https:\/\/iptvsubscriptionpro.es\/iptv-smarters\/#pricing\" target=\"_blank\" rel=\"noopener\">Suscripci\u00f3n IPTV Oficial<\/a><span style=\"font-style: inherit; font-weight: inherit;\">, damos la m\u00e1xima importancia a la protecci\u00f3n de tu privacidad y datos personales. Conscientes de los desaf\u00edos del uso de internet y los servicios en l\u00ednea, hacemos todo lo posible para garantizar la confidencialidad de tu informaci\u00f3n. Nuestro compromiso se aplica a todas nuestras actividades digitales, asegurando una experiencia segura y transparente.<\/span><\/p><p>Adem\u00e1s de nuestra pol\u00edtica general de privacidad, ciertas ofertas o servicios espec\u00edficos pueden incluir condiciones especiales, que te ser\u00e1n comunicadas cuando corresponda.<\/p><h5><a style=\"font-weight: 400; background-color: #f5f5f5; font-size: 1rem;\" href=\"https:\/\/www.cultura.gob.es\/servicios-al-ciudadano\/proteccion-datos.html\" target=\"_blank\" rel=\"noopener\">Protecci\u00f3n de Datos Personales<\/a>\u00a0:<\/h5><h5><a style=\"font-size: 1rem; font-style: inherit; font-weight: inherit; background-color: #f5f5f5;\" href=\"https:\/\/iptvsubscriptionpro.es\/iptv-smarters\/#pricing\" target=\"_blank\" rel=\"noopener\">Suscripci\u00f3n IPTV Oficial<\/a><span style=\"font-size: 16px; font-style: inherit; font-weight: inherit; color: #878787;\">\u00a0no comparte, vende ni divulga ninguna informaci\u00f3n personal identificable (como tu nombre, direcci\u00f3n, correo electr\u00f3nico o n\u00famero de tel\u00e9fono) a terceros con fines comerciales ajenos a nuestros servicios. Tus datos se utilizan estrictamente para garantizar la calidad y mejora de nuestros servicios. En caso de fusi\u00f3n o reestructuraci\u00f3n, esta informaci\u00f3n ser\u00e1 tratada como un activo estrat\u00e9gico de la empresa.<\/span><\/h5><h5>Pol\u00edtica de Privacidad\/<strong>Uso de tu Informaci\u00f3n :<\/strong><\/h5><p>Utilizamos los datos recopilados principalmente para proporcionarte los servicios a los que te has suscrito y para informarte sobre nuevas ofertas que puedan interesarte. Tu correo electr\u00f3nico puede ser utilizado para comunicarte sobre suscripciones activas, actualizaciones o facturaci\u00f3n. Si deseas limitar las comunicaciones promocionales, ofrecemos opciones para gestionar tus preferencias.<\/p><p>En casos excepcionales, podr\u00edamos estar obligados a divulgar cierta informaci\u00f3n si as\u00ed lo exige la ley o para proteger nuestros derechos, los de nuestros usuarios o garantizar la seguridad de nuestros servicios.<\/p><h5><strong>Recopilaci\u00f3n de Informaci\u00f3n<\/strong><\/h5><p>Recopilamos tu informaci\u00f3n personal cuando te registras para un servicio, participas en una promoci\u00f3n o rellenas un formulario en nuestro sitio web. Los principales datos recopilados incluyen tu nombre, correo electr\u00f3nico y n\u00famero de tel\u00e9fono. Se podr\u00eda solicitar informaci\u00f3n adicional dependiendo de los servicios que contrates.<\/p><p>Tambi\u00e9n ofrecemos concursos y promociones de forma regular. La participaci\u00f3n en estas actividades es completamente opcional. Si decides participar, tu informaci\u00f3n ser\u00e1 utilizada \u00fanicamente para gestionar el evento y entregar los premios.<\/p><h5><strong>Seguridad y Protecci\u00f3n de los Datos<\/strong><\/h5><p>Implementamos medidas de seguridad avanzadas, incluyendo cifrado de datos y cortafuegos, para prevenir accesos no autorizados a tu informaci\u00f3n. Para mayor protecci\u00f3n, algunas funciones de nuestro sitio web requieren autenticaci\u00f3n mediante contrase\u00f1a u otros m\u00e9todos de validaci\u00f3n.<\/p><p>En\u00a0<a href=\"https:\/\/iptvsubscriptionpro.es\/iptv-smarters\/#pricing\" target=\"_blank\" rel=\"noopener\">Suscripci\u00f3n IPTV Oficial<\/a>, tu confianza es nuestra prioridad. Nos esforzamos por ofrecerte una experiencia fluida y segura, respetando siempre la confidencialidad de tus datos personales.<\/p>\t\t\t\t\t\t\t\t<\/div>\n\t\t\t\t<\/div>\n\t\t\t\t\t<\/div>\n\t\t\t\t<\/div>\n\t\t\t\t<\/div>\n\t\t","protected":false},"excerpt":{"rendered":"<p>Pol\u00edtica de Privacidad En\u00a0Suscripci\u00f3n IPTV Oficial, damos la m\u00e1xima importancia a la protecci\u00f3n de tu privacidad y datos personales. Conscientes de los desaf\u00edos del uso de internet y los servicios en l\u00ednea, hacemos todo lo posible para garantizar la confidencialidad de tu informaci\u00f3n. Nuestro compromiso se aplica a todas nuestras actividades digitales, asegurando una experiencia [&hellip;]<\/p>\n","protected":false},"author":3,"featured_media":0,"parent":0,"menu_order":0,"comment_status":"closed","ping_status":"closed","template":"","meta":{"_monsterinsights_skip_tracking":false,"_monsterinsights_sitenote_active":false,"_monsterinsights_sitenote_note":"","_monsterinsights_sitenote_category":0,"site-sidebar-layout":"default","site-content-layout":"","ast-site-content-layout":"","site-content-style":"default","site-sidebar-style":"default","ast-global-header-display":"","ast-banner-title-visibility":"","ast-main-header-display":"","ast-hfb-above-header-display":"","ast-hfb-below-header-display":"","ast-hfb-mobile-header-display":"","site-post-title":"disabled","ast-breadcrumbs-content":"","ast-featured-img":"","footer-sml-layout":"","ast-disable-related-posts":"","theme-transparent-header-meta":"","adv-header-id-meta":"","stick-header-meta":"","header-above-stick-meta":"","header-main-stick-meta":"","header-below-stick-meta":"","astra-migrate-meta-layouts":"default","ast-page-background-enabled":"default","ast-page-background-meta":{"desktop":{"background-color":"var(--ast-global-color-4)","background-image":"","background-repeat":"repeat","background-position":"center center","background-size":"auto","background-attachment":"scroll","background-type":"","background-media":"","overlay-type":"","overlay-color":"","overlay-opacity":"","overlay-gradient":""},"tablet":{"background-color":"","background-image":"","background-repeat":"repeat","background-position":"center center","background-size":"auto","background-attachment":"scroll","background-type":"","background-media":"","overlay-type":"","overlay-color":"","overlay-opacity":"","overlay-gradient":""},"mobile":{"background-color":"","background-image":"","background-repeat":"repeat","background-position":"center center","background-size":"auto","background-attachment":"scroll","background-type":"","background-media":"","overlay-type":"","overlay-color":"","overlay-opacity":"","overlay-gradient":""}},"ast-content-background-meta":{"desktop":{"background-color":"var(--ast-global-color-5)","background-image":"","background-repeat":"repeat","background-position":"center center","background-size":"auto","background-attachment":"scroll","background-type":"","background-media":"","overlay-type":"","overlay-color":"","overlay-opacity":"","overlay-gradient":""},"tablet":{"background-color":"var(--ast-global-color-5)","background-image":"","background-repeat":"repeat","background-position":"center center","background-size":"auto","background-attachment":"scroll","background-type":"","background-media":"","overlay-type":"","overlay-color":"","overlay-opacity":"","overlay-gradient":""},"mobile":{"background-color":"var(--ast-global-color-5)","background-image":"","background-repeat":"repeat","background-position":"center center","background-size":"auto","background-attachment":"scroll","background-type":"","background-media":"","overlay-type":"","overlay-color":"","overlay-opacity":"","overlay-gradient":""}},"footnotes":""},"class_list":["post-510","page","type-page","status-publish","hentry"],"_links":{"self":[{"href":"https:\/\/iptvsubscriptionpro.es\/iptv-smarters\/wp-json\/wp\/v2\/pages\/510","targetHints":{"allow":["GET"]}}],"collection":[{"href":"https:\/\/iptvsubscriptionpro.es\/iptv-smarters\/wp-json\/wp\/v2\/pages"}],"about":[{"href":"https:\/\/iptvsubscriptionpro.es\/iptv-smarters\/wp-json\/wp\/v2\/types\/page"}],"author":[{"embeddable":true,"href":"https:\/\/iptvsubscriptionpro.es\/iptv-smarters\/wp-json\/wp\/v2\/users\/3"}],"replies":[{"embeddable":true,"href":"https:\/\/iptvsubscriptionpro.es\/iptv-smarters\/wp-json\/wp\/v2\/comments?post=510"}],"version-history":[{"count":6,"href":"https:\/\/iptvsubscriptionpro.es\/iptv-smarters\/wp-json\/wp\/v2\/pages\/510\/revisions"}],"predecessor-version":[{"id":2370,"href":"https:\/\/iptvsubscriptionpro.es\/iptv-smarters\/wp-json\/wp\/v2\/pages\/510\/revisions\/2370"}],"wp:attachment":[{"href":"https:\/\/iptvsubscriptionpro.es\/iptv-smarters\/wp-json\/wp\/v2\/media?parent=510"}],"curies":[{"name":"wp","href":"https:\/\/api.w.org\/{rel}","templated":true}]}}