{"id":506,"date":"2025-03-25T22:10:21","date_gmt":"2025-03-25T22:10:21","guid":{"rendered":"https:\/\/officieliptvabonnement.fr\/?page_id=506"},"modified":"2026-02-14T15:21:14","modified_gmt":"2026-02-14T15:21:14","slug":"politica-de-reembolso","status":"publish","type":"page","link":"https:\/\/iptvsubscriptionpro.es\/iptv-smarters\/politica-de-reembolso\/","title":{"rendered":"Pol\u00edtica de Reembolso"},"content":{"rendered":"\t\t<div data-elementor-type=\"wp-page\" data-elementor-id=\"506\" class=\"elementor elementor-506\">\n\t\t\t\t<div class=\"has_eae_slider elementor-element elementor-element-cd9eae8 e-flex e-con-boxed e-con e-parent\" data-eae-slider=\"94408\" data-id=\"cd9eae8\" data-element_type=\"container\" data-e-type=\"container\">\n\t\t\t\t\t<div class=\"e-con-inner\">\n\t\t\t\t<div class=\"elementor-element elementor-element-4b9332e elementor-widget__width-initial elementor-widget elementor-widget-heading\" data-id=\"4b9332e\" data-element_type=\"widget\" data-e-type=\"widget\" data-widget_type=\"heading.default\">\n\t\t\t\t<div class=\"elementor-widget-container\">\n\t\t\t\t\t<h1 class=\"elementor-heading-title elementor-size-default\">Pol\u00edtica de Reembolso<\/h1>\t\t\t\t<\/div>\n\t\t\t\t<\/div>\n\t\t\t\t\t<\/div>\n\t\t\t\t<\/div>\n\t\t<div class=\"has_eae_slider elementor-element elementor-element-3e1c6140 e-flex e-con-boxed e-con e-parent\" data-eae-slider=\"45855\" data-id=\"3e1c6140\" data-element_type=\"container\" data-e-type=\"container\">\n\t\t\t\t\t<div class=\"e-con-inner\">\n\t\t\t\t<div class=\"elementor-element elementor-element-5ac28216 elementor-widget elementor-widget-text-editor\" data-id=\"5ac28216\" data-element_type=\"widget\" data-e-type=\"widget\" data-widget_type=\"text-editor.default\">\n\t\t\t\t<div class=\"elementor-widget-container\">\n\t\t\t\t\t\t\t\t\t<p>En <a href=\"https:\/\/iptvsubscriptionpro.es\/iptv-smarters\/#pricing\"><strong>Suscripci\u00f3n IPTV Oficial<\/strong><\/a>, nos comprometemos a ofrecer un servicio IPTV de la m\u00e1s alta calidad a un precio competitivo. Si, por cualquier motivo, nuestros servicios no cumplen con tus expectativas o no alcanzan nuestros est\u00e1ndares de calidad, ofrecemos una garant\u00eda de devoluci\u00f3n de dinero de 5 d\u00edas.<\/p><p>Esto significa que tienes la opci\u00f3n de solicitar un reembolso completo por cualquier compra realizada dentro de los 5 d\u00edas posteriores a tu\u00a0<a href=\"https:\/\/iptvsubscriptionpro.es\/iptv-smarters\/#pricing\" target=\"_blank\" rel=\"noopener\">suscripci\u00f3n<\/a>. El proceso de reembolso es sencillo y r\u00e1pido, permiti\u00e9ndote recuperar tu dinero f\u00e1cilmente.<\/p><h6>\u00a0Pol\u00edtica de Reembolso :\u00a0<b>\u00bfC\u00f3mo funciona nuestra garant\u00eda de devoluci\u00f3n?<\/b><\/h6><p>Si despu\u00e9s del per\u00edodo de 5 d\u00edas surge alg\u00fan problema y no podemos resolverlo con tu\u00a0<a href=\"https:\/\/iptvsubscriptionpro.es\/iptv-smarters\/\" target=\"_blank\" rel=\"noopener\">suscripci\u00f3n IPTV<\/a>, reembolsaremos \u00fanicamente la parte no utilizada. Por ejemplo, si te suscribiste a un plan de 12 meses por \u20ac39.99, pero utilizaste nuestro servicio solo durante 3 meses antes de experimentar un problema, solo se te cobrar\u00e1 por esos 3 meses (\u20ac19.99) y te reembolsaremos los \u20ac20 restantes.<strong style=\"font-size: 1rem;\" data-start=\"39\" data-end=\"64\">Pol\u00edtica de Reembolso<\/strong><\/p><p>Hacemos todo lo posible para que tu experiencia sea fluida y sin complicaciones. Si enfrentas alguna dificultad en cualquier etapa, nuestro equipo de soporte est\u00e1 disponible para brindarte asistencia completa, desde la configuraci\u00f3n hasta la instalaci\u00f3n. No dudes en<a href=\"https:\/\/iptvsubscriptionpro.es\/iptv-smarters\/#contact\" target=\"_blank\" rel=\"noopener\">\u00a0Contactarnos<\/a>\u00a0\u00a0si necesitas ayuda.<\/p>\t\t\t\t\t\t\t\t<\/div>\n\t\t\t\t<\/div>\n\t\t\t\t\t<\/div>\n\t\t\t\t<\/div>\n\t\t\t\t<\/div>\n\t\t","protected":false},"excerpt":{"rendered":"<p>Pol\u00edtica de Reembolso En Suscripci\u00f3n IPTV Oficial, nos comprometemos a ofrecer un servicio IPTV de la m\u00e1s alta calidad a un precio competitivo. Si, por cualquier motivo, nuestros servicios no cumplen con tus expectativas o no alcanzan nuestros est\u00e1ndares de calidad, ofrecemos una garant\u00eda de devoluci\u00f3n de dinero de 5 d\u00edas. Esto significa que tienes [&hellip;]<\/p>\n","protected":false},"author":3,"featured_media":0,"parent":0,"menu_order":0,"comment_status":"closed","ping_status":"closed","template":"","meta":{"_monsterinsights_skip_tracking":false,"_monsterinsights_sitenote_active":false,"_monsterinsights_sitenote_note":"","_monsterinsights_sitenote_category":0,"site-sidebar-layout":"default","site-content-layout":"","ast-site-content-layout":"","site-content-style":"default","site-sidebar-style":"default","ast-global-header-display":"","ast-banner-title-visibility":"","ast-main-header-display":"","ast-hfb-above-header-display":"","ast-hfb-below-header-display":"","ast-hfb-mobile-header-display":"","site-post-title":"disabled","ast-breadcrumbs-content":"","ast-featured-img":"","footer-sml-layout":"","ast-disable-related-posts":"","theme-transparent-header-meta":"","adv-header-id-meta":"","stick-header-meta":"","header-above-stick-meta":"","header-main-stick-meta":"","header-below-stick-meta":"","astra-migrate-meta-layouts":"default","ast-page-background-enabled":"default","ast-page-background-meta":{"desktop":{"background-color":"var(--ast-global-color-4)","background-image":"","background-repeat":"repeat","background-position":"center center","background-size":"auto","background-attachment":"scroll","background-type":"","background-media":"","overlay-type":"","overlay-color":"","overlay-opacity":"","overlay-gradient":""},"tablet":{"background-color":"","background-image":"","background-repeat":"repeat","background-position":"center center","background-size":"auto","background-attachment":"scroll","background-type":"","background-media":"","overlay-type":"","overlay-color":"","overlay-opacity":"","overlay-gradient":""},"mobile":{"background-color":"","background-image":"","background-repeat":"repeat","background-position":"center center","background-size":"auto","background-attachment":"scroll","background-type":"","background-media":"","overlay-type":"","overlay-color":"","overlay-opacity":"","overlay-gradient":""}},"ast-content-background-meta":{"desktop":{"background-color":"var(--ast-global-color-5)","background-image":"","background-repeat":"repeat","background-position":"center center","background-size":"auto","background-attachment":"scroll","background-type":"","background-media":"","overlay-type":"","overlay-color":"","overlay-opacity":"","overlay-gradient":""},"tablet":{"background-color":"var(--ast-global-color-5)","background-image":"","background-repeat":"repeat","background-position":"center center","background-size":"auto","background-attachment":"scroll","background-type":"","background-media":"","overlay-type":"","overlay-color":"","overlay-opacity":"","overlay-gradient":""},"mobile":{"background-color":"var(--ast-global-color-5)","background-image":"","background-repeat":"repeat","background-position":"center center","background-size":"auto","background-attachment":"scroll","background-type":"","background-media":"","overlay-type":"","overlay-color":"","overlay-opacity":"","overlay-gradient":""}},"footnotes":""},"class_list":["post-506","page","type-page","status-publish","hentry"],"_links":{"self":[{"href":"https:\/\/iptvsubscriptionpro.es\/iptv-smarters\/wp-json\/wp\/v2\/pages\/506","targetHints":{"allow":["GET"]}}],"collection":[{"href":"https:\/\/iptvsubscriptionpro.es\/iptv-smarters\/wp-json\/wp\/v2\/pages"}],"about":[{"href":"https:\/\/iptvsubscriptionpro.es\/iptv-smarters\/wp-json\/wp\/v2\/types\/page"}],"author":[{"embeddable":true,"href":"https:\/\/iptvsubscriptionpro.es\/iptv-smarters\/wp-json\/wp\/v2\/users\/3"}],"replies":[{"embeddable":true,"href":"https:\/\/iptvsubscriptionpro.es\/iptv-smarters\/wp-json\/wp\/v2\/comments?post=506"}],"version-history":[{"count":6,"href":"https:\/\/iptvsubscriptionpro.es\/iptv-smarters\/wp-json\/wp\/v2\/pages\/506\/revisions"}],"predecessor-version":[{"id":2366,"href":"https:\/\/iptvsubscriptionpro.es\/iptv-smarters\/wp-json\/wp\/v2\/pages\/506\/revisions\/2366"}],"wp:attachment":[{"href":"https:\/\/iptvsubscriptionpro.es\/iptv-smarters\/wp-json\/wp\/v2\/media?parent=506"}],"curies":[{"name":"wp","href":"https:\/\/api.w.org\/{rel}","templated":true}]}}